{"id":162,"date":"2016-06-10T20:59:44","date_gmt":"2016-06-10T20:59:44","guid":{"rendered":"http:\/\/www.soysucre.info\/?page_id=162"},"modified":"2026-04-20T23:33:22","modified_gmt":"2026-04-20T23:33:22","slug":"que-hacer-en-sucre","status":"publish","type":"page","link":"https:\/\/www.soysucre.info\/fr\/","title":{"rendered":"Que Voir et Que Faire \u00e0 Sucre, Bolivie"},"content":{"rendered":"<p>Bienvenue \u00e0 Sucre, en Bolivie, l\u2019\u00e9l\u00e9gante Ville Blanche et le c\u0153ur culturel du pays. Avec son architecture coloniale remarquable, son atmosph\u00e8re d\u00e9tendue, son climat doux toute l\u2019ann\u00e9e et son altitude mod\u00e9r\u00e9e, Sucre est l\u2019une des destinations les plus agr\u00e9ables et authentiques de Bolivie.<\/p>\n<p>SoySucre est votre guide local pour d\u00e9couvrir tout ce que Sucre a \u00e0 offrir. Que voir, o\u00f9 manger, les meilleurs caf\u00e9s, mus\u00e9es, h\u00f4tels et exp\u00e9riences authentiques qui vous connectent \u00e0 la vraie vie locale. Des incontournables aux coins cach\u00e9s, nous vous aidons \u00e0 explorer Sucre au-del\u00e0 des guides touristiques.<\/p>\n","protected":false},"excerpt":{"rendered":"<p>Bienvenue \u00e0 Sucre, en Bolivie, l\u2019\u00e9l\u00e9gante Ville Blanche et le c\u0153ur culturel du pays. Avec son architecture coloniale remarquable, son atmosph\u00e8re d\u00e9tendue, son climat doux toute l\u2019ann\u00e9e et son altitude mod\u00e9r\u00e9e, Sucre est l\u2019une des destinations les plus agr\u00e9ables et authentiques de Bolivie. SoySucre est votre guide local pour d\u00e9couvrir tout ce que Sucre a [&hellip;]<\/p>\n","protected":false},"author":1,"featured_media":513,"parent":0,"menu_order":0,"comment_status":"closed","ping_status":"closed","template":"","meta":{"_acf_changed":false,"footnotes":""},"class_list":["post-162","page","type-page","status-publish","has-post-thumbnail","hentry"],"translation":{"provider":"WPGlobus","version":"3.0.2","language":"fr","enabled_languages":["en","es","fr"],"languages":{"en":{"title":true,"content":true,"excerpt":false},"es":{"title":true,"content":true,"excerpt":false},"fr":{"title":true,"content":true,"excerpt":false}}},"acf":[],"_links":{"self":[{"href":"https:\/\/www.soysucre.info\/fr\/wp-json\/wp\/v2\/pages\/162","targetHints":{"allow":["GET"]}}],"collection":[{"href":"https:\/\/www.soysucre.info\/fr\/wp-json\/wp\/v2\/pages"}],"about":[{"href":"https:\/\/www.soysucre.info\/fr\/wp-json\/wp\/v2\/types\/page"}],"author":[{"embeddable":true,"href":"https:\/\/www.soysucre.info\/fr\/wp-json\/wp\/v2\/users\/1"}],"replies":[{"embeddable":true,"href":"https:\/\/www.soysucre.info\/fr\/wp-json\/wp\/v2\/comments?post=162"}],"version-history":[{"count":64,"href":"https:\/\/www.soysucre.info\/fr\/wp-json\/wp\/v2\/pages\/162\/revisions"}],"predecessor-version":[{"id":4412,"href":"https:\/\/www.soysucre.info\/fr\/wp-json\/wp\/v2\/pages\/162\/revisions\/4412"}],"wp:featuredmedia":[{"embeddable":true,"href":"https:\/\/www.soysucre.info\/fr\/wp-json\/wp\/v2\/media\/513"}],"wp:attachment":[{"href":"https:\/\/www.soysucre.info\/fr\/wp-json\/wp\/v2\/media?parent=162"}],"curies":[{"name":"wp","href":"https:\/\/api.w.org\/{rel}","templated":true}]}}