{"id":296,"date":"2016-06-22T21:54:45","date_gmt":"2016-06-22T21:54:45","guid":{"rendered":"http:\/\/www.soysucre.info\/?page_id=296"},"modified":"2026-04-20T23:28:15","modified_gmt":"2026-04-20T23:28:15","slug":"sugerencias","status":"publish","type":"page","link":"https:\/\/www.soysucre.info\/es\/sugerencias\/","title":{"rendered":"Sugerencias \/ Contacto \/ Aviso de derechos de autor"},"content":{"rendered":"\n<div class=\"wpcf7 no-js\" id=\"wpcf7-f300-o1\" lang=\"de-DE\" dir=\"ltr\" data-wpcf7-id=\"300\">\n<div class=\"screen-reader-response\"><p role=\"status\" aria-live=\"polite\" aria-atomic=\"true\"><\/p> <ul><\/ul><\/div>\n<form action=\"\/es\/wp-json\/wp\/v2\/pages\/296#wpcf7-f300-o1\" method=\"post\" class=\"wpcf7-form init\" aria-label=\"Kontaktformular\" novalidate=\"novalidate\" data-status=\"init\">\n<fieldset class=\"hidden-fields-container\"><input type=\"hidden\" name=\"_wpcf7\" value=\"300\" \/><input type=\"hidden\" name=\"_wpcf7_version\" value=\"6.1.5\" \/><input type=\"hidden\" name=\"_wpcf7_locale\" value=\"de_DE\" \/><input type=\"hidden\" name=\"_wpcf7_unit_tag\" value=\"wpcf7-f300-o1\" \/><input type=\"hidden\" name=\"_wpcf7_container_post\" value=\"0\" \/><input type=\"hidden\" name=\"_wpcf7_posted_data_hash\" value=\"\" \/>\n<\/fieldset>\n<p>Nombre \/ Name \/ Nom\n<\/p>\n<p><span class=\"wpcf7-form-control-wrap\" data-name=\"your-name\"><input size=\"40\" maxlength=\"400\" class=\"wpcf7-form-control wpcf7-text wpcf7-validates-as-required\" aria-required=\"true\" aria-invalid=\"false\" value=\"\" type=\"text\" name=\"your-name\" \/><\/span>\n<\/p>\n<p>email\n<\/p>\n<p><span class=\"wpcf7-form-control-wrap\" data-name=\"your-email\"><input size=\"40\" maxlength=\"400\" class=\"wpcf7-form-control wpcf7-email wpcf7-validates-as-required wpcf7-text wpcf7-validates-as-email\" aria-required=\"true\" aria-invalid=\"false\" value=\"\" type=\"email\" name=\"your-email\" \/><\/span>\n<\/p>\n<p>Mensaje \/ Message\n<\/p>\n<p><span class=\"wpcf7-form-control-wrap\" data-name=\"your-message\"><textarea cols=\"40\" rows=\"10\" maxlength=\"2000\" class=\"wpcf7-form-control wpcf7-textarea\" aria-invalid=\"false\" name=\"your-message\"><\/textarea><\/span>\n<\/p>\n<p><input class=\"wpcf7-form-control wpcf7-submit has-spinner\" type=\"submit\" value=\"enviar \/ send \/ envoyer\" \/>\n<\/p><div class=\"wpcf7-response-output\" aria-hidden=\"true\"><\/div>\n<\/form>\n<\/div>\n\n<p>&nbsp;<\/p>\n<p><strong>Notificaci\u00f3n de derechos de autor<\/strong><\/p>\n<p>Todos los contenidos del sitio web, incluidos los textos, la informaci\u00f3n, las fotograf\u00edas, los gr\u00e1ficos, los logotipos, los v\u00eddeos, las marcas comerciales, los iconos, las im\u00e1genes y cualquier otro material o servicio presente en el sitio web (el \u00abContenido\u00bb) son propiedad exclusiva de <strong>SoySucre.info<\/strong> y sus socios. Todo el Contenido est\u00e1 protegido por los derechos de autor y otras leyes de propiedad intelectual.<\/p>\n<p>Por lo tanto, queda prohibida la reproducci\u00f3n, copia o uso de la marca comercial, el logotipo, el sitio web y sus contenidos o cualquier otro elemento de este portal, salvo autorizaci\u00f3n expresa.<\/p>\n","protected":false},"excerpt":{"rendered":"<p>&nbsp; Notificaci\u00f3n de derechos de autor Todos los contenidos del sitio web, incluidos los textos, la informaci\u00f3n, las fotograf\u00edas, los gr\u00e1ficos, los logotipos, los v\u00eddeos, las marcas comerciales, los iconos, las im\u00e1genes y cualquier otro material o servicio presente en el sitio web (el \u00abContenido\u00bb) son propiedad exclusiva de SoySucre.info y sus socios. Todo el [&hellip;]<\/p>\n","protected":false},"author":1,"featured_media":0,"parent":0,"menu_order":0,"comment_status":"closed","ping_status":"closed","template":"","meta":{"_acf_changed":false,"footnotes":""},"class_list":["post-296","page","type-page","status-publish","hentry"],"translation":{"provider":"WPGlobus","version":"3.0.2","language":"es","enabled_languages":["en","es","fr"],"languages":{"en":{"title":true,"content":true,"excerpt":false},"es":{"title":true,"content":true,"excerpt":false},"fr":{"title":true,"content":true,"excerpt":false}}},"acf":[],"_links":{"self":[{"href":"https:\/\/www.soysucre.info\/es\/wp-json\/wp\/v2\/pages\/296","targetHints":{"allow":["GET"]}}],"collection":[{"href":"https:\/\/www.soysucre.info\/es\/wp-json\/wp\/v2\/pages"}],"about":[{"href":"https:\/\/www.soysucre.info\/es\/wp-json\/wp\/v2\/types\/page"}],"author":[{"embeddable":true,"href":"https:\/\/www.soysucre.info\/es\/wp-json\/wp\/v2\/users\/1"}],"replies":[{"embeddable":true,"href":"https:\/\/www.soysucre.info\/es\/wp-json\/wp\/v2\/comments?post=296"}],"version-history":[{"count":8,"href":"https:\/\/www.soysucre.info\/es\/wp-json\/wp\/v2\/pages\/296\/revisions"}],"predecessor-version":[{"id":4748,"href":"https:\/\/www.soysucre.info\/es\/wp-json\/wp\/v2\/pages\/296\/revisions\/4748"}],"wp:attachment":[{"href":"https:\/\/www.soysucre.info\/es\/wp-json\/wp\/v2\/media?parent=296"}],"curies":[{"name":"wp","href":"https:\/\/api.w.org\/{rel}","templated":true}]}}